{"id":5,"date":"2008-08-12T13:18:30","date_gmt":"2008-08-12T11:18:30","guid":{"rendered":"http:\/\/www.topcasinoworld.co.uk\/links\/"},"modified":"2009-06-18T01:55:23","modified_gmt":"2009-06-17T23:55:23","slug":"links","status":"publish","type":"page","link":"https:\/\/www.topcasinoworld.co.uk\/de\/links\/","title":{"rendered":"Links"},"content":{"rendered":"<p><a href=\"http:\/\/www.casinosonline.de.com\" target=\"_blank\">Online Casinos<\/a> &#8211; Rezension der beste online casinos. Spiele online casino: roulette, video poker, blackjack, spiele der karten, bingo, lotterie und mehr.<\/p>\n<p><a href=\"http:\/\/www.gazino.info.tr\" target=\"_blank\">Gazino<\/a> &#8211; Bir\u00e7ok e\u011flenceli oyunlarla sanal ortamda analiz ve g\u00f6zden ge\u00e7irmelerle en iyi t\u00fcrk\u00e7e gazino salonlar\u0131n\u0131n online casino salonu k\u0131lavuzu.<\/p>\n<p><a href=\"http:\/\/www.jogospoker.org\" target=\"_blank\">Jogos Poker<\/a> &#8211; Site com informa\u00e7\u00f5es de diversos jogos de poker e revis\u00f5es de casinos online.<\/p>\n","protected":false},"excerpt":{"rendered":"<p>Online Casinos &#8211; Rezension der beste online casinos. Spiele online casino: roulette, video poker, blackjack, spiele der karten, bingo, lotterie und mehr. Gazino &#8211; Bir\u00e7ok e\u011flenceli oyunlarla sanal ortamda analiz ve g\u00f6zden ge\u00e7irmelerle en iyi t\u00fcrk\u00e7e gazino salonlar\u0131n\u0131n online casino salonu k\u0131lavuzu. Jogos Poker &#8211; Site com informa\u00e7\u00f5es de diversos jogos de poker e revis\u00f5es [&hellip;]<\/p>\n","protected":false},"author":1,"featured_media":0,"parent":0,"menu_order":0,"comment_status":"closed","ping_status":"open","template":"","meta":[],"yoast_head":"<!-- This site is optimized with the Yoast SEO plugin v17.9 - https:\/\/yoast.com\/wordpress\/plugins\/seo\/ -->\n<meta name=\"robots\" content=\"index, follow, max-snippet:-1, max-image-preview:large, max-video-preview:-1\" \/>\n<link rel=\"canonical\" href=\"https:\/\/www.topcasinoworld.co.uk\/links\/\" \/>\n<meta property=\"og:locale\" content=\"de_DE\" \/>\n<meta property=\"og:type\" content=\"article\" \/>\n<meta property=\"og:title\" content=\"Links - Top Casino World\" \/>\n<meta property=\"og:description\" content=\"Online Casinos &#8211; Rezension der beste online casinos. Spiele online casino: roulette, video poker, blackjack, spiele der karten, bingo, lotterie und mehr. Gazino &#8211; Bir\u00e7ok e\u011flenceli oyunlarla sanal ortamda analiz ve g\u00f6zden ge\u00e7irmelerle en iyi t\u00fcrk\u00e7e gazino salonlar\u0131n\u0131n online casino salonu k\u0131lavuzu. Jogos Poker &#8211; Site com informa\u00e7\u00f5es de diversos jogos de poker e revis\u00f5es [&hellip;]\" \/>\n<meta property=\"og:url\" content=\"https:\/\/www.topcasinoworld.co.uk\/links\/\" \/>\n<meta property=\"og:site_name\" content=\"Top Casino World\" \/>\n<meta property=\"article:modified_time\" content=\"2009-06-17T23:55:23+00:00\" \/>\n<meta name=\"twitter:card\" content=\"summary\" \/>\n<script type=\"application\/ld+json\" class=\"yoast-schema-graph\">{\"@context\":\"https:\/\/schema.org\",\"@graph\":[{\"@type\":\"WebSite\",\"@id\":\"https:\/\/www.topcasinoworld.co.uk\/#website\",\"url\":\"https:\/\/www.topcasinoworld.co.uk\/\",\"name\":\"Top Casino World\",\"description\":\"Online Casino Games\",\"potentialAction\":[{\"@type\":\"SearchAction\",\"target\":{\"@type\":\"EntryPoint\",\"urlTemplate\":\"https:\/\/www.topcasinoworld.co.uk\/?s={search_term_string}\"},\"query-input\":\"required name=search_term_string\"}],\"inLanguage\":\"de\"},{\"@type\":\"WebPage\",\"@id\":\"https:\/\/www.topcasinoworld.co.uk\/links\/#webpage\",\"url\":\"https:\/\/www.topcasinoworld.co.uk\/links\/\",\"name\":\"Links - Top Casino World\",\"isPartOf\":{\"@id\":\"https:\/\/www.topcasinoworld.co.uk\/#website\"},\"datePublished\":\"2008-08-12T11:18:30+00:00\",\"dateModified\":\"2009-06-17T23:55:23+00:00\",\"breadcrumb\":{\"@id\":\"https:\/\/www.topcasinoworld.co.uk\/links\/#breadcrumb\"},\"inLanguage\":\"de\",\"potentialAction\":[{\"@type\":\"ReadAction\",\"target\":[\"https:\/\/www.topcasinoworld.co.uk\/links\/\"]}]},{\"@type\":\"BreadcrumbList\",\"@id\":\"https:\/\/www.topcasinoworld.co.uk\/links\/#breadcrumb\",\"itemListElement\":[{\"@type\":\"ListItem\",\"position\":1,\"name\":\"Home\",\"item\":\"https:\/\/www.topcasinoworld.co.uk\/\"},{\"@type\":\"ListItem\",\"position\":2,\"name\":\"Links\"}]}]}<\/script>\n<!-- \/ Yoast SEO plugin. -->","yoast_head_json":{"robots":{"index":"index","follow":"follow","max-snippet":"max-snippet:-1","max-image-preview":"max-image-preview:large","max-video-preview":"max-video-preview:-1"},"canonical":"https:\/\/www.topcasinoworld.co.uk\/links\/","og_locale":"de_DE","og_type":"article","og_title":"Links - Top Casino World","og_description":"Online Casinos &#8211; Rezension der beste online casinos. Spiele online casino: roulette, video poker, blackjack, spiele der karten, bingo, lotterie und mehr. Gazino &#8211; Bir\u00e7ok e\u011flenceli oyunlarla sanal ortamda analiz ve g\u00f6zden ge\u00e7irmelerle en iyi t\u00fcrk\u00e7e gazino salonlar\u0131n\u0131n online casino salonu k\u0131lavuzu. Jogos Poker &#8211; Site com informa\u00e7\u00f5es de diversos jogos de poker e revis\u00f5es [&hellip;]","og_url":"https:\/\/www.topcasinoworld.co.uk\/links\/","og_site_name":"Top Casino World","article_modified_time":"2009-06-17T23:55:23+00:00","twitter_card":"summary","schema":{"@context":"https:\/\/schema.org","@graph":[{"@type":"WebSite","@id":"https:\/\/www.topcasinoworld.co.uk\/#website","url":"https:\/\/www.topcasinoworld.co.uk\/","name":"Top Casino World","description":"Online Casino Games","potentialAction":[{"@type":"SearchAction","target":{"@type":"EntryPoint","urlTemplate":"https:\/\/www.topcasinoworld.co.uk\/?s={search_term_string}"},"query-input":"required name=search_term_string"}],"inLanguage":"de"},{"@type":"WebPage","@id":"https:\/\/www.topcasinoworld.co.uk\/links\/#webpage","url":"https:\/\/www.topcasinoworld.co.uk\/links\/","name":"Links - Top Casino World","isPartOf":{"@id":"https:\/\/www.topcasinoworld.co.uk\/#website"},"datePublished":"2008-08-12T11:18:30+00:00","dateModified":"2009-06-17T23:55:23+00:00","breadcrumb":{"@id":"https:\/\/www.topcasinoworld.co.uk\/links\/#breadcrumb"},"inLanguage":"de","potentialAction":[{"@type":"ReadAction","target":["https:\/\/www.topcasinoworld.co.uk\/links\/"]}]},{"@type":"BreadcrumbList","@id":"https:\/\/www.topcasinoworld.co.uk\/links\/#breadcrumb","itemListElement":[{"@type":"ListItem","position":1,"name":"Home","item":"https:\/\/www.topcasinoworld.co.uk\/"},{"@type":"ListItem","position":2,"name":"Links"}]}]}},"_links":{"self":[{"href":"https:\/\/www.topcasinoworld.co.uk\/de\/wp-json\/wp\/v2\/pages\/5"}],"collection":[{"href":"https:\/\/www.topcasinoworld.co.uk\/de\/wp-json\/wp\/v2\/pages"}],"about":[{"href":"https:\/\/www.topcasinoworld.co.uk\/de\/wp-json\/wp\/v2\/types\/page"}],"author":[{"embeddable":true,"href":"https:\/\/www.topcasinoworld.co.uk\/de\/wp-json\/wp\/v2\/users\/1"}],"replies":[{"embeddable":true,"href":"https:\/\/www.topcasinoworld.co.uk\/de\/wp-json\/wp\/v2\/comments?post=5"}],"version-history":[{"count":0,"href":"https:\/\/www.topcasinoworld.co.uk\/de\/wp-json\/wp\/v2\/pages\/5\/revisions"}],"wp:attachment":[{"href":"https:\/\/www.topcasinoworld.co.uk\/de\/wp-json\/wp\/v2\/media?parent=5"}],"curies":[{"name":"wp","href":"https:\/\/api.w.org\/{rel}","templated":true}]}}